{"id":18,"date":"2019-06-05T10:13:54","date_gmt":"2019-06-05T08:13:54","guid":{"rendered":"http:\/\/sorest.umed.pl\/?page_id=18"},"modified":"2021-05-14T12:00:45","modified_gmt":"2021-05-14T10:00:45","slug":"informacje-o-projekcie","status":"publish","type":"page","link":"https:\/\/sorest.umed.pl\/index.php\/informacje-o-projekcie\/","title":{"rendered":"Opis projektu"},"content":{"rendered":"<section class=\"kc-elm kc-css-266414 kc_row\"><div class=\"kc-row-container  kc-container\"><div class=\"kc-wrap-columns\"><div class=\"kc-elm kc-css-513617 kc_col-sm-12 kc_column kc_col-sm-12\"><div class=\"kc-col-container\"><div class=\"kc-elm kc-css-494153 kc_text_block\"><p>Projekt ma na&nbsp;celu opracowanie aktywnego materaca, kt\u00f3ry b\u0119dzie wspomaga\u0142 zdrowy sen, umo\u017cliwia\u0142 odpoczynek wraz z&nbsp;dodatkowymi funkcjami, takimi jak: masa\u017c wybranych cz\u0119\u015bci cia\u0142a, kszta\u0142towanie jego powierzchni w&nbsp;celu dobrania wygodnej lub&nbsp;zalecanej pozycji snu oraz&nbsp;monitorowanie wybranych parametr\u00f3w \u017cyciowych u\u017cytkownika.<\/p>\n<p>Zdrowy sen, obok&nbsp;odpowiedniego sposobu od\u017cywiania si\u0119 i&nbsp;regularnego wysi\u0142ku fizycznego uznawany jest za&nbsp;jeden z&nbsp;3-ech filar\u00f3w zdrowego stylu \u017cycia. Niedob\u00f3r snu, w&nbsp;szczeg\u00f3lno\u015bci przewlek\u0142y, prowadzi do&nbsp;dysfunkcji OUN, zwi\u0119kszaj\u0105cej ryzyko wypadk\u00f3w komunikacyjnych, przypadkowych uraz\u00f3w u&nbsp;os\u00f3b starszych oraz&nbsp;jest niezale\u017cnym czynnikiem ryzyka chor\u00f3b uk\u0142adu sercowo-naczyniowego, w&nbsp;szczeg\u00f3lno\u015bci udaru niedokrwiennego m\u00f3zgu i&nbsp;zawa\u0142u mi\u0119\u015bnia sercowego.<\/p>\n<p>Przewlek\u0142y niedob\u00f3r snu mo\u017ce wynika\u0107 nie tylko ze zbyt kr\u00f3tkiego czasu snu, ale&nbsp;jest r\u00f3wnie\u017c nast\u0119pstwem schorze\u0144, kt\u00f3re zak\u0142\u00f3caj\u0105 przebieg snu. Najcz\u0119stsz\u0105 przyczyn\u0105 chorobow\u0105 wp\u0142ywaj\u0105c\u0105 niekorzystnie na&nbsp;przebieg snu s\u0105 zaburzenia oddychania w&nbsp;trakcie spoczynku nocnego, kt\u00f3re wyst\u0119puj\u0105 pod&nbsp;postaci\u0105 bezdech\u00f3w lub\/i sp\u0142yce\u0144 oddychania, najcz\u0119\u015bciej z&nbsp;powodu zapadania si\u0119 j\u0119zyka i&nbsp;g\u00f3rnych dr\u00f3g oddechowych. Projektowany materac ma stanowi\u0107 odpowied\u017a na&nbsp;zapotrzebowanie prowadzenia jednoczesnego monitoringu wielu os\u00f3b poprzez ograniczony personel lub&nbsp;stanowi\u0107 wsparcie, w&nbsp;przypadku gdy nie ma mo\u017cliwo\u015bci ca\u0142odobowego przebywania przy&nbsp;osobie chorej lub&nbsp;ograniczonej ruchowo.<\/p>\n<p>Materac b\u0119dzie stanowi\u0107 nowatorskie rozwi\u0105zanie technologiczne charakteryzuj\u0105ce si\u0119 kompleksowym podej\u015bciem do&nbsp;tematu monitorowania snu. W\u00a0 Projekcie zostanie opracowane rozwi\u0105zanie w&nbsp;postaci w&nbsp;pe\u0142ni funkcjonalnych demonstrator\u00f3w z&nbsp;aktywnym modu\u0142em sterowania pneumatycznego oraz&nbsp;z modu\u0142em pomiaru parametr\u00f3w fizjologicznych.<\/p>\n<\/p>\n<p>\n<span data-mce-type=\"bookmark\" style=\"display: inline-block; width: 0px; overflow: hidden; line-height: 0;\" class=\"mce_SELRES_start\">\ufeff<\/span><\/p>\n<\/div><\/div><\/div><\/div><\/div><\/section><!-- \/wp:post-content -->","protected":false},"excerpt":{"rendered":"","protected":false},"author":1,"featured_media":0,"parent":0,"menu_order":0,"comment_status":"closed","ping_status":"closed","template":"fullwidth.php","meta":{"footnotes":""},"class_list":["post-18","page","type-page","status-publish","hentry"],"_links":{"self":[{"href":"https:\/\/sorest.umed.pl\/index.php\/wp-json\/wp\/v2\/pages\/18","targetHints":{"allow":["GET"]}}],"collection":[{"href":"https:\/\/sorest.umed.pl\/index.php\/wp-json\/wp\/v2\/pages"}],"about":[{"href":"https:\/\/sorest.umed.pl\/index.php\/wp-json\/wp\/v2\/types\/page"}],"author":[{"embeddable":true,"href":"https:\/\/sorest.umed.pl\/index.php\/wp-json\/wp\/v2\/users\/1"}],"replies":[{"embeddable":true,"href":"https:\/\/sorest.umed.pl\/index.php\/wp-json\/wp\/v2\/comments?post=18"}],"version-history":[{"count":4,"href":"https:\/\/sorest.umed.pl\/index.php\/wp-json\/wp\/v2\/pages\/18\/revisions"}],"predecessor-version":[{"id":66,"href":"https:\/\/sorest.umed.pl\/index.php\/wp-json\/wp\/v2\/pages\/18\/revisions\/66"}],"wp:attachment":[{"href":"https:\/\/sorest.umed.pl\/index.php\/wp-json\/wp\/v2\/media?parent=18"}],"curies":[{"name":"wp","href":"https:\/\/api.w.org\/{rel}","templated":true}]}}